{"id":6,"date":"2012-01-08T14:15:45","date_gmt":"2012-01-08T13:15:45","guid":{"rendered":"http:\/\/www.bergundtal.com\/?page_id=6"},"modified":"2021-04-16T13:54:51","modified_gmt":"2021-04-16T11:54:51","slug":"impressum","status":"publish","type":"page","link":"https:\/\/www.bergundtal.com\/?page_id=6","title":{"rendered":"Impressum \/ Kontakt"},"content":{"rendered":"<p style=\"text-align: center;\">Skilaufen \u2013 alpin + Langlauf, Snowboard, Mountainbike, Rennrad, Laufen, Triathlon, Klettern Bergsteigen, Bergwandern&#8230;.<br \/>\nInformationen konzentriert auf das Wesentliche,<br \/>\noffen f\u00fcr Entwicklungen \/ Trends \/ Innovationen,<br \/>\ndiese aber auch kritisch hinterfragen,<br \/>\nauthentische Berichte,<br \/>\nAngebot zum Erfahrungsaustausch, zur Diskussion gestellt,<br \/>\nunabh\u00e4ngig von wirtschaftlichen Zw\u00e4ngen<\/p>\n<p><strong>Haftungsbeschr\u00e4nkung<\/strong><br \/>\nSchadensersatzanspr\u00fcche aus Unm\u00f6glichkeit der Leistung, positiver Forderungsverletzung, Verschulden bei Vertragsabschlu\u00df und unerlaubter Handlung sind ausgeschlossen, es sei denn, es liegt vors\u00e4tzliches oder grob fahrl\u00e4ssiges Handeln von den Betreibern von Bergundtal.com, ihrer Vertreter oder Erf\u00fcllungsgehilfen vor. Insbesondere haften wir in diesem Fall nicht f\u00fcr mittelbare Sch\u00e4den oder Folgesch\u00e4den, insbesondere f\u00fcr Sch\u00e4den wegen Datenl\u00f6schung oder Datenzerst\u00f6rung, da es dem Nutzer obliegt, in ausreichendem Umfang Datensicherung zu betreiben.<\/p>\n<p>Wir haften in jedem Falle nicht f\u00fcr fremde Inhalte, zu denen wir lediglich den Zugang vermitteln. Auch eine automatische und kurzzeitige Vorhaltung fremder Inhalte auf unseren Servern gilt gem\u00e4\u00df \u00a7 5 Abs. 3 TDG als Zugangsvermittlung. F\u00fcr fremde Inhalte, die wir dauerhaft zur Nutzung bereit halten, sind wir &#8211; auch wenn diese rechtswidrig sind &#8211; nur dann verantwortlich, wenn wir von diesen Inhalten Kenntnis haben und es uns technisch m\u00f6glich und zumutbar ist, deren Nutzung zu verhindern. Wir sind nicht verpflichtet, solche fremden Inhalte auf deren eventuelle Rechtswidrigkeit hin regelm\u00e4\u00dfig zu kontrollieren.<\/p>\n<p><strong>Copyright<\/strong><br \/>\nDiese Website einschlie\u00dflich aller Texte, Bilder, Graphiken und Layout, sowie alle hier enthaltenen Multimedia-Werke (einschlie\u00dflich der darin enthaltenen kreativen Werbeleistung und explizit der Bilder bzw. Fotos z.B. von Sportlern) unterliegen weltweit dem Urheberrechtsschutz (z. B. als film\u00e4hnliche Werke, als Darstellung wissenschaftlicher oder technischer Art oder allgemein als &#8222;neue Werkart&#8220;). Bei unerlaubter Verwendung, Wieder- oder Weitergabe von Webpages oder deren Inhalten werden wir die Verantwortlichen zivil- und strafrechtlich verfolgen. Neben zivilrechtlichen Anspr\u00fcchen (z. B. Unterlassung und Schadensersatz) drohen in der Bundesrepublik im Einzelfall Freiheitsstrafen (bis zu f\u00fcnf Jahren); Urheberrechtsverst\u00f6\u00dfe k\u00f6nnen daneben aber auch in anderen L\u00e4ndern &#8211; h\u00e4ufig sogar weitaus sch\u00e4rfer &#8211; geahndet werden. Au\u00dferdem weisen wir darauf hin, dass zuk\u00fcnftig &#8211; nach Umsetzung der EU-Richtlinie zur Harmonisierung bestimmter Aspekte des Urheberrechts und der verwandten Schutzrechte in der Informationsgesellschaft &#8211; urheberrechtliche Verst\u00f6\u00dfe im Internet europaweit einheitlich gesetzlich erfasst werden.<\/p>\n<p><strong>Autoren<\/strong><br \/>\nKlaus H\u00fcner<br \/>\nHans-J\u00fcrgen H\u00fcner<br \/>\nAndreas Oppermann<br \/>\nKarin Aleith-H\u00fcner (Fotografin)<\/p>\n","protected":false},"excerpt":{"rendered":"<p>Skilaufen \u2013 alpin + Langlauf, Snowboard, Mountainbike, Rennrad, Laufen, Triathlon, Klettern Bergsteigen, Bergwandern&#8230;. Informationen konzentriert auf das Wesentliche, offen f\u00fcr Entwicklungen \/ Trends \/ Innovationen, diese aber auch kritisch hinterfragen, authentische Berichte, Angebot zum Erfahrungsaustausch, zur Diskussion gestellt, unabh\u00e4ngig von wirtschaftlichen Zw\u00e4ngen Haftungsbeschr\u00e4nkung Schadensersatzanspr\u00fcche aus Unm\u00f6glichkeit der Leistung, positiver Forderungsverletzung, &#8230;<\/p>\n","protected":false},"author":1,"featured_media":0,"parent":0,"menu_order":0,"comment_status":"closed","ping_status":"closed","template":"","meta":{"jetpack_post_was_ever_published":false},"coauthors":[501],"jetpack_shortlink":"https:\/\/wp.me\/P3YISc-6","jetpack_sharing_enabled":false,"_links":{"self":[{"href":"https:\/\/www.bergundtal.com\/index.php?rest_route=\/wp\/v2\/pages\/6"}],"collection":[{"href":"https:\/\/www.bergundtal.com\/index.php?rest_route=\/wp\/v2\/pages"}],"about":[{"href":"https:\/\/www.bergundtal.com\/index.php?rest_route=\/wp\/v2\/types\/page"}],"author":[{"embeddable":true,"href":"https:\/\/www.bergundtal.com\/index.php?rest_route=\/wp\/v2\/users\/1"}],"replies":[{"embeddable":true,"href":"https:\/\/www.bergundtal.com\/index.php?rest_route=%2Fwp%2Fv2%2Fcomments&post=6"}],"version-history":[{"count":13,"href":"https:\/\/www.bergundtal.com\/index.php?rest_route=\/wp\/v2\/pages\/6\/revisions"}],"predecessor-version":[{"id":15540,"href":"https:\/\/www.bergundtal.com\/index.php?rest_route=\/wp\/v2\/pages\/6\/revisions\/15540"}],"wp:attachment":[{"href":"https:\/\/www.bergundtal.com\/index.php?rest_route=%2Fwp%2Fv2%2Fmedia&parent=6"}],"wp:term":[{"taxonomy":"author","embeddable":true,"href":"https:\/\/www.bergundtal.com\/index.php?rest_route=%2Fwp%2Fv2%2Fcoauthors&post=6"}],"curies":[{"name":"wp","href":"https:\/\/api.w.org\/{rel}","templated":true}]}}